{"id":1676,"date":"2024-09-19T14:57:54","date_gmt":"2024-09-19T14:57:54","guid":{"rendered":"https:\/\/pillplan.io\/?page_id=1676"},"modified":"2025-09-24T06:57:03","modified_gmt":"2025-09-24T06:57:03","slug":"terms-of-use","status":"publish","type":"page","link":"https:\/\/pillplan.io\/pt-br\/terms-of-use\/","title":{"rendered":"Termos de Uso \u2014 Pill Plan"},"content":{"rendered":"\t\t<div data-elementor-type=\"wp-page\" data-elementor-id=\"1676\" class=\"elementor elementor-1676\" data-elementor-post-type=\"page\">\n\t\t\t\t<div class=\"elementor-element elementor-element-5e30492 e-flex e-con-boxed e-con e-parent\" data-id=\"5e30492\" data-element_type=\"container\">\n\t\t\t\t\t<div class=\"e-con-inner\">\n\t\t\t\t<div class=\"elementor-element elementor-element-d123859 elementor-widget elementor-widget-heading\" data-id=\"d123859\" data-element_type=\"widget\" data-widget_type=\"heading.default\">\n\t\t\t\t<div class=\"elementor-widget-container\">\n\t\t\t\t\t<h1 class=\"elementor-heading-title elementor-size-default\">Termos de Uso \u2014 Pill Plan<\/h1>\t\t\t\t<\/div>\n\t\t\t\t<\/div>\n\t\t\t\t\t<\/div>\n\t\t\t\t<\/div>\n\t\t<div class=\"elementor-element elementor-element-7d1849b3 e-flex e-con-boxed e-con e-parent\" data-id=\"7d1849b3\" data-element_type=\"container\">\n\t\t\t\t\t<div class=\"e-con-inner\">\n\t\t\t\t<div class=\"elementor-element elementor-element-3168c19a elementor-widget elementor-widget-text-editor\" data-id=\"3168c19a\" data-element_type=\"widget\" data-widget_type=\"text-editor.default\">\n\t\t\t\t<div class=\"elementor-widget-container\">\n\t\t\t\t\t\t\t\t\t<h2 data-start=\"179\" data-end=\"202\">Informa\u00e7\u00f5es Gerais<\/h2><p data-start=\"204\" data-end=\"403\">Estes Termos de Uso regem a utiliza\u00e7\u00e3o do <strong data-start=\"246\" data-end=\"279\">Pill Plan Medication Reminder<\/strong>, do nosso site <a class=\"decorated-link\" href=\"https:\/\/pillplan.io\" target=\"_new\" rel=\"noopener\" data-start=\"295\" data-end=\"337\">https:\/\/pillplan.io<\/a> e de quaisquer servi\u00e7os relacionados fornecidos pela Pill Plan.<\/p><p data-start=\"405\" data-end=\"686\">Ao utilizar o Pill Plan Medication Reminder, voc\u00ea concorda em cumprir estes Termos de Uso e todas as leis e regulamentos aplic\u00e1veis. Caso n\u00e3o concorde, fica proibido de continuar utilizando o aplicativo, acessar nosso site ou usar qualquer outro servi\u00e7o fornecido pela Pill Plan.<\/p><p data-start=\"688\" data-end=\"737\">Se voc\u00ea baixar o Pill Plan Medication Reminder:<\/p><ol data-start=\"738\" data-end=\"976\"><li data-start=\"738\" data-end=\"845\"><p data-start=\"741\" data-end=\"845\"><strong data-start=\"741\" data-end=\"760\">Apple App Store<\/strong> \u2014 voc\u00ea concorda com as Regras de Uso estabelecidas nos Termos de Uso da App Store.<\/p><\/li><li data-start=\"846\" data-end=\"976\"><p data-start=\"849\" data-end=\"976\"><strong data-start=\"849\" data-end=\"870\">Google Play Store<\/strong> \u2014 voc\u00ea concorda com os Termos e Condi\u00e7\u00f5es da Google, incluindo os Termos de Uso dos aplicativos Google.<\/p><\/li><\/ol><p data-start=\"978\" data-end=\"1197\">A Pill Plan reserva-se o direito de revisar e alterar estes Termos de Uso a seu crit\u00e9rio exclusivo. Altera\u00e7\u00f5es ser\u00e3o publicadas nesta p\u00e1gina e notificadas pelo aplicativo e\/ou pelo e-mail fornecido ao criar sua conta.<\/p><p data-start=\"1199\" data-end=\"1247\"><strong data-start=\"1199\" data-end=\"1222\">\u00daltima atualiza\u00e7\u00e3o:<\/strong> 16 de setembro de 2024<\/p><hr data-start=\"1249\" data-end=\"1252\" \/><h2 data-start=\"1254\" data-end=\"1276\">Limita\u00e7\u00f5es de Uso<\/h2><p data-start=\"1278\" data-end=\"1406\">Ao utilizar o Pill Plan, voc\u00ea declara, em seu nome, no de qualquer entidade que represente e no de seus usu\u00e1rios, que n\u00e3o ir\u00e1:<\/p><ul data-start=\"1408\" data-end=\"2113\"><li data-start=\"1408\" data-end=\"1522\"><p data-start=\"1410\" data-end=\"1522\">modificar, copiar, descompilar ou fazer engenharia reversa do aplicativo ou de qualquer software nele contido;<\/p><\/li><li data-start=\"1523\" data-end=\"1581\"><p data-start=\"1525\" data-end=\"1581\">remover avisos de direitos autorais ou de propriedade;<\/p><\/li><li data-start=\"1582\" data-end=\"1642\"><p data-start=\"1584\" data-end=\"1642\">transferir o aplicativo ou espelh\u00e1-lo em outro servidor;<\/p><\/li><li data-start=\"1643\" data-end=\"1767\"><p data-start=\"1645\" data-end=\"1767\">usar intencionalmente ou de forma negligente o aplicativo para prejudicar ou interromper redes ou servi\u00e7os da Pill Plan;<\/p><\/li><li data-start=\"1768\" data-end=\"1835\"><p data-start=\"1770\" data-end=\"1835\">transmitir conte\u00fado assediante, obsceno, fraudulento ou ilegal;<\/p><\/li><li data-start=\"1836\" data-end=\"1904\"><p data-start=\"1838\" data-end=\"1904\">usar o aplicativo em viola\u00e7\u00e3o a leis ou regulamentos aplic\u00e1veis;<\/p><\/li><li data-start=\"1905\" data-end=\"1951\"><p data-start=\"1907\" data-end=\"1951\">enviar publicidade n\u00e3o autorizada ou spam;<\/p><\/li><li data-start=\"1952\" data-end=\"2000\"><p data-start=\"1954\" data-end=\"2000\">coletar dados de usu\u00e1rios sem consentimento;<\/p><\/li><li data-start=\"2001\" data-end=\"2113\"><p data-start=\"2003\" data-end=\"2113\">usar o aplicativo de modo que infrinja a privacidade ou os direitos de propriedade intelectual de terceiros.<\/p><\/li><\/ul><hr data-start=\"2115\" data-end=\"2118\" \/><h2 data-start=\"2120\" data-end=\"2148\">Propriedade Intelectual<\/h2><p data-start=\"2150\" data-end=\"2301\">Todos os direitos de propriedade intelectual do Pill Plan Medication Reminder e do nosso site pertencem \u00e0 Pill Plan ou est\u00e3o devidamente licenciados.<\/p><p data-start=\"2303\" data-end=\"2537\">\u00c9 concedida a voc\u00ea apenas uma licen\u00e7a limitada para baixar e utilizar o aplicativo para fins pessoais. Essa licen\u00e7a \u00e9 automaticamente encerrada em caso de viola\u00e7\u00e3o destes Termos e pode ser revogada pela Pill Plan a qualquer momento.<\/p><hr data-start=\"2539\" data-end=\"2542\" \/><h2 data-start=\"2544\" data-end=\"2577\">Conte\u00fado Gerado pelo Usu\u00e1rio<\/h2><p data-start=\"2579\" data-end=\"2665\">Voc\u00ea mant\u00e9m a propriedade dos direitos sobre o conte\u00fado que enviar para o Pill Plan.<\/p><p data-start=\"2667\" data-end=\"3031\">No entanto, ao postar, carregar ou compartilhar conte\u00fado, voc\u00ea concede \u00e0 Pill Plan uma <strong data-start=\"2754\" data-end=\"2829\">licen\u00e7a n\u00e3o exclusiva, gratuita, mundial, transfer\u00edvel e sublicenci\u00e1vel<\/strong> para usar, distribuir, modificar, traduzir, exibir publicamente ou criar trabalhos derivados do seu conte\u00fado, em conformidade com suas prefer\u00eancias de privacidade e com nossa Pol\u00edtica de Privacidade.<\/p><p data-start=\"3033\" data-end=\"3263\">Essa licen\u00e7a pode ser encerrada a qualquer momento mediante exclus\u00e3o do conte\u00fado ou da conta, exceto no caso de conte\u00fados j\u00e1 utilizados em materiais comerciais ou patrocinados, que permanecer\u00e3o licenciados at\u00e9 o fim da campanha.<\/p><p data-start=\"3265\" data-end=\"3387\">Podemos tamb\u00e9m usar seu nome de usu\u00e1rio e informa\u00e7\u00f5es de identifica\u00e7\u00e3o associadas \u00e0 conta de acordo com sua privacidade.<\/p><hr data-start=\"3389\" data-end=\"3392\" \/><h2 data-start=\"3394\" data-end=\"3423\">Atualiza\u00e7\u00f5es Autom\u00e1ticas<\/h2><p data-start=\"3425\" data-end=\"3622\">Voc\u00ea autoriza a Pill Plan a baixar e instalar automaticamente atualiza\u00e7\u00f5es do aplicativo no seu dispositivo. Essa autoriza\u00e7\u00e3o pode ser revogada a qualquer momento mediante exclus\u00e3o do aplicativo.<\/p><hr data-start=\"3624\" data-end=\"3627\" \/><h2 data-start=\"3629\" data-end=\"3650\">Responsabilidade<\/h2><p data-start=\"3652\" data-end=\"3942\">O Pill Plan \u00e9 fornecido <strong data-start=\"3676\" data-end=\"3710\">\u201cno estado em que se encontra\u201d<\/strong>. Na m\u00e1xima extens\u00e3o permitida por lei, a Pill Plan se isenta de todas as garantias expressas ou impl\u00edcitas, incluindo, entre outras, adequa\u00e7\u00e3o a uma finalidade espec\u00edfica, comercializa\u00e7\u00e3o ou n\u00e3o viola\u00e7\u00e3o de direitos de terceiros.<\/p><p data-start=\"3944\" data-end=\"4158\">A Pill Plan n\u00e3o ser\u00e1 respons\u00e1vel por <strong data-start=\"3981\" data-end=\"4006\">perdas consequenciais<\/strong>, incluindo perda de lucros, receita, neg\u00f3cios, oportunidades, dados ou reputa\u00e7\u00e3o, mesmo que tenha sido notificada sobre a possibilidade desses danos.<\/p><p data-start=\"4160\" data-end=\"4277\">Algumas jurisdi\u00e7\u00f5es n\u00e3o permitem limita\u00e7\u00f5es de responsabilidade, e nesses casos, estas podem n\u00e3o se aplicar a voc\u00ea.<\/p><hr data-start=\"4279\" data-end=\"4282\" \/><h2 data-start=\"4284\" data-end=\"4311\">Exatid\u00e3o dos Materiais<\/h2><p data-start=\"4313\" data-end=\"4467\">Os materiais exibidos no aplicativo ou no site s\u00e3o meramente informativos. A Pill Plan n\u00e3o garante sua precis\u00e3o, confiabilidade ou resultados esperados.<\/p><hr data-start=\"4469\" data-end=\"4472\" \/><h2 data-start=\"4474\" data-end=\"4484\">Links<\/h2><p data-start=\"4486\" data-end=\"4658\">A Pill Plan n\u00e3o revisou todos os sites vinculados ao aplicativo ou ao site e n\u00e3o se responsabiliza pelo conte\u00fado de terceiros. O uso desses sites \u00e9 por sua conta e risco.<\/p><hr data-start=\"4660\" data-end=\"4663\" \/><h2 data-start=\"4665\" data-end=\"4689\">Aviso sobre a Apple<\/h2><p data-start=\"4691\" data-end=\"4744\">Se voc\u00ea utilizar o Pill Plan em um dispositivo iOS:<\/p><ul data-start=\"4746\" data-end=\"5379\"><li data-start=\"4746\" data-end=\"4828\"><p data-start=\"4748\" data-end=\"4828\">Estes Termos se aplicam somente entre voc\u00ea e a Pill Plan, n\u00e3o com a Apple Inc.<\/p><\/li><li data-start=\"4829\" data-end=\"4893\"><p data-start=\"4831\" data-end=\"4893\">A Apple n\u00e3o \u00e9 respons\u00e1vel pelo aplicativo ou seus conte\u00fados.<\/p><\/li><li data-start=\"4894\" data-end=\"4958\"><p data-start=\"4896\" data-end=\"4958\">A Apple n\u00e3o tem obriga\u00e7\u00e3o de fornecer suporte ou manuten\u00e7\u00e3o.<\/p><\/li><li data-start=\"4959\" data-end=\"5122\"><p data-start=\"4961\" data-end=\"5122\">Em caso de falha de conformidade com garantias, a Apple poder\u00e1 reembolsar o valor pago pelo aplicativo, mas todas as demais responsabilidades s\u00e3o da Pill Plan.<\/p><\/li><li data-start=\"5123\" data-end=\"5266\"><p data-start=\"5125\" data-end=\"5266\">A Apple n\u00e3o se responsabiliza por reivindica\u00e7\u00f5es de responsabilidade do produto, conformidade legal ou viola\u00e7\u00e3o de propriedade intelectual.<\/p><\/li><li data-start=\"5267\" data-end=\"5379\"><p data-start=\"5269\" data-end=\"5379\">A Apple e suas subsidi\u00e1rias s\u00e3o benefici\u00e1rias terceiras destes Termos e podem exigi-los diretamente de voc\u00ea.<\/p><\/li><\/ul><p data-start=\"5381\" data-end=\"5491\">Voc\u00ea tamb\u00e9m declara que n\u00e3o est\u00e1 em pa\u00eds sujeito a embargo dos EUA nem consta em listas de partes proibidas.<\/p><hr data-start=\"5493\" data-end=\"5496\" \/><h2 data-start=\"5498\" data-end=\"5526\">Direito de Encerramento<\/h2><p data-start=\"5528\" data-end=\"5678\">Podemos suspender ou encerrar sua conta e o acesso ao aplicativo imediatamente, mediante notifica\u00e7\u00e3o por escrito, em caso de viola\u00e7\u00e3o destes Termos.<\/p><hr data-start=\"5680\" data-end=\"5683\" \/><h2 data-start=\"5685\" data-end=\"5717\">Independ\u00eancia das Cl\u00e1usulas<\/h2><p data-start=\"5719\" data-end=\"5828\">Caso qualquer disposi\u00e7\u00e3o destes Termos seja inv\u00e1lida ou inexequ\u00edvel, as demais permanecer\u00e3o em pleno vigor.<\/p><hr data-start=\"5830\" data-end=\"5833\" \/><h2 data-start=\"5835\" data-end=\"5853\">Lei Aplic\u00e1vel<\/h2><p data-start=\"5855\" data-end=\"6007\">Estes Termos s\u00e3o regidos pelas leis da <strong data-start=\"5894\" data-end=\"5922\">Rep\u00fablica do Uzbequist\u00e3o<\/strong>. Voc\u00ea se submete irrevogavelmente \u00e0 jurisdi\u00e7\u00e3o exclusiva dos tribunais desse pa\u00eds.<\/p><p><!-- \/wp:paragraph --><\/p>\t\t\t\t\t\t\t\t<\/div>\n\t\t\t\t<\/div>\n\t\t\t\t\t<\/div>\n\t\t\t\t<\/div>\n\t\t\t\t<\/div>\n\t\t","protected":false},"excerpt":{"rendered":"<p>Termos de Uso \u2014 Pill Plan Informa\u00e7\u00f5es Gerais Estes Termos de Uso regem a utiliza\u00e7\u00e3o do Pill Plan Medication Reminder, do nosso site https:\/\/pillplan.io e de quaisquer servi\u00e7os relacionados fornecidos pela Pill Plan. Ao utilizar o Pill Plan Medication Reminder, voc\u00ea concorda em cumprir estes Termos de Uso e todas as leis e regulamentos aplic\u00e1veis. [&hellip;]<\/p>\n","protected":false},"author":1,"featured_media":0,"parent":0,"menu_order":0,"comment_status":"closed","ping_status":"closed","template":"","meta":{"om_disable_all_campaigns":false,"site-sidebar-layout":"default","site-content-layout":"","ast-site-content-layout":"","site-content-style":"default","site-sidebar-style":"default","ast-global-header-display":"","ast-banner-title-visibility":"","ast-main-header-display":"","ast-hfb-above-header-display":"","ast-hfb-below-header-display":"","ast-hfb-mobile-header-display":"","site-post-title":"","ast-breadcrumbs-content":"","ast-featured-img":"","footer-sml-layout":"","theme-transparent-header-meta":"","adv-header-id-meta":"","stick-header-meta":"","header-above-stick-meta":"","header-main-stick-meta":"","header-below-stick-meta":"","astra-migrate-meta-layouts":"default","ast-page-background-enabled":"default","ast-page-background-meta":{"desktop":{"background-color":"var(--ast-global-color-4)","background-image":"","background-repeat":"repeat","background-position":"center center","background-size":"auto","background-attachment":"scroll","background-type":"","background-media":"","overlay-type":"","overlay-color":"","overlay-opacity":"","overlay-gradient":""},"tablet":{"background-color":"","background-image":"","background-repeat":"repeat","background-position":"center center","background-size":"auto","background-attachment":"scroll","background-type":"","background-media":"","overlay-type":"","overlay-color":"","overlay-opacity":"","overlay-gradient":""},"mobile":{"background-color":"","background-image":"","background-repeat":"repeat","background-position":"center center","background-size":"auto","background-attachment":"scroll","background-type":"","background-media":"","overlay-type":"","overlay-color":"","overlay-opacity":"","overlay-gradient":""}},"ast-content-background-meta":{"desktop":{"background-color":"var(--ast-global-color-5)","background-image":"","background-repeat":"repeat","background-position":"center center","background-size":"auto","background-attachment":"scroll","background-type":"","background-media":"","overlay-type":"","overlay-color":"","overlay-opacity":"","overlay-gradient":""},"tablet":{"background-color":"var(--ast-global-color-5)","background-image":"","background-repeat":"repeat","background-position":"center center","background-size":"auto","background-attachment":"scroll","background-type":"","background-media":"","overlay-type":"","overlay-color":"","overlay-opacity":"","overlay-gradient":""},"mobile":{"background-color":"var(--ast-global-color-5)","background-image":"","background-repeat":"repeat","background-position":"center center","background-size":"auto","background-attachment":"scroll","background-type":"","background-media":"","overlay-type":"","overlay-color":"","overlay-opacity":"","overlay-gradient":""}},"jetpack_post_was_ever_published":false,"footnotes":""},"class_list":["post-1676","page","type-page","status-publish","hentry"],"yoast_head":"<!-- This site is optimized with the Yoast SEO plugin v25.5 - https:\/\/yoast.com\/wordpress\/plugins\/seo\/ -->\n<title>Termos de Uso \u2014 Pill Plan - Pill Plan<\/title>\n<meta name=\"robots\" content=\"index, follow, max-snippet:-1, max-image-preview:large, max-video-preview:-1\" \/>\n<link rel=\"canonical\" href=\"https:\/\/pillplan.io\/pt-br\/terms-of-use\/\" \/>\n<meta property=\"og:locale\" content=\"pt_BR\" \/>\n<meta property=\"og:type\" content=\"article\" \/>\n<meta property=\"og:title\" content=\"Termos de Uso \u2014 Pill Plan - Pill Plan\" \/>\n<meta property=\"og:description\" content=\"Termos de Uso \u2014 Pill Plan Informa\u00e7\u00f5es Gerais Estes Termos de Uso regem a utiliza\u00e7\u00e3o do Pill Plan Medication Reminder, do nosso site https:\/\/pillplan.io e de quaisquer servi\u00e7os relacionados fornecidos pela Pill Plan. Ao utilizar o Pill Plan Medication Reminder, voc\u00ea concorda em cumprir estes Termos de Uso e todas as leis e regulamentos aplic\u00e1veis. [&hellip;]\" \/>\n<meta property=\"og:url\" content=\"https:\/\/pillplan.io\/pt-br\/terms-of-use\/\" \/>\n<meta property=\"og:site_name\" content=\"Pill Plan\" \/>\n<meta property=\"article:publisher\" content=\"https:\/\/www.facebook.com\/profile.php?id=61578722548832\" \/>\n<meta property=\"article:modified_time\" content=\"2025-09-24T06:57:03+00:00\" \/>\n<meta name=\"twitter:card\" content=\"summary_large_image\" \/>\n<meta name=\"twitter:label1\" content=\"Est. tempo de leitura\" \/>\n\t<meta name=\"twitter:data1\" content=\"4 minutos\" \/>\n<script type=\"application\/ld+json\" class=\"yoast-schema-graph\">{\"@context\":\"https:\/\/schema.org\",\"@graph\":[{\"@type\":\"WebPage\",\"@id\":\"https:\/\/pillplan.io\/pt-br\/terms-of-use\/\",\"url\":\"https:\/\/pillplan.io\/pt-br\/terms-of-use\/\",\"name\":\"Termos de Uso \u2014 Pill Plan - Pill Plan\",\"isPartOf\":{\"@id\":\"https:\/\/pillplan.io\/pt-br\/#website\"},\"datePublished\":\"2024-09-19T14:57:54+00:00\",\"dateModified\":\"2025-09-24T06:57:03+00:00\",\"breadcrumb\":{\"@id\":\"https:\/\/pillplan.io\/pt-br\/terms-of-use\/#breadcrumb\"},\"inLanguage\":\"pt-BR\",\"potentialAction\":[{\"@type\":\"ReadAction\",\"target\":[\"https:\/\/pillplan.io\/pt-br\/terms-of-use\/\"]}]},{\"@type\":\"BreadcrumbList\",\"@id\":\"https:\/\/pillplan.io\/pt-br\/terms-of-use\/#breadcrumb\",\"itemListElement\":[{\"@type\":\"ListItem\",\"position\":1,\"name\":\"Home\",\"item\":\"https:\/\/pillplan.io\/pt-br\/\"},{\"@type\":\"ListItem\",\"position\":2,\"name\":\"Termos de Uso \u2014 Pill Plan\"}]},{\"@type\":\"WebSite\",\"@id\":\"https:\/\/pillplan.io\/pt-br\/#website\",\"url\":\"https:\/\/pillplan.io\/pt-br\/\",\"name\":\"Pill Plan\",\"description\":\"\",\"publisher\":{\"@id\":\"https:\/\/pillplan.io\/pt-br\/#organization\"},\"potentialAction\":[{\"@type\":\"SearchAction\",\"target\":{\"@type\":\"EntryPoint\",\"urlTemplate\":\"https:\/\/pillplan.io\/pt-br\/?s={search_term_string}\"},\"query-input\":{\"@type\":\"PropertyValueSpecification\",\"valueRequired\":true,\"valueName\":\"search_term_string\"}}],\"inLanguage\":\"pt-BR\"},{\"@type\":\"Organization\",\"@id\":\"https:\/\/pillplan.io\/pt-br\/#organization\",\"name\":\"Pill Plan\",\"url\":\"https:\/\/pillplan.io\/pt-br\/\",\"logo\":{\"@type\":\"ImageObject\",\"inLanguage\":\"pt-BR\",\"@id\":\"https:\/\/pillplan.io\/pt-br\/#\/schema\/logo\/image\/\",\"url\":\"https:\/\/pillplan.io\/wp-content\/uploads\/2024\/07\/c.png\",\"contentUrl\":\"https:\/\/pillplan.io\/wp-content\/uploads\/2024\/07\/c.png\",\"width\":407,\"height\":96,\"caption\":\"Pill Plan\"},\"image\":{\"@id\":\"https:\/\/pillplan.io\/pt-br\/#\/schema\/logo\/image\/\"},\"sameAs\":[\"https:\/\/www.facebook.com\/profile.php?id=61578722548832\"]}]}<\/script>\n<!-- \/ Yoast SEO plugin. -->","yoast_head_json":{"title":"Termos de Uso \u2014 Pill Plan - Pill Plan","robots":{"index":"index","follow":"follow","max-snippet":"max-snippet:-1","max-image-preview":"max-image-preview:large","max-video-preview":"max-video-preview:-1"},"canonical":"https:\/\/pillplan.io\/pt-br\/terms-of-use\/","og_locale":"pt_BR","og_type":"article","og_title":"Termos de Uso \u2014 Pill Plan - Pill Plan","og_description":"Termos de Uso \u2014 Pill Plan Informa\u00e7\u00f5es Gerais Estes Termos de Uso regem a utiliza\u00e7\u00e3o do Pill Plan Medication Reminder, do nosso site https:\/\/pillplan.io e de quaisquer servi\u00e7os relacionados fornecidos pela Pill Plan. Ao utilizar o Pill Plan Medication Reminder, voc\u00ea concorda em cumprir estes Termos de Uso e todas as leis e regulamentos aplic\u00e1veis. [&hellip;]","og_url":"https:\/\/pillplan.io\/pt-br\/terms-of-use\/","og_site_name":"Pill Plan","article_publisher":"https:\/\/www.facebook.com\/profile.php?id=61578722548832","article_modified_time":"2025-09-24T06:57:03+00:00","twitter_card":"summary_large_image","twitter_misc":{"Est. tempo de leitura":"4 minutos"},"schema":{"@context":"https:\/\/schema.org","@graph":[{"@type":"WebPage","@id":"https:\/\/pillplan.io\/pt-br\/terms-of-use\/","url":"https:\/\/pillplan.io\/pt-br\/terms-of-use\/","name":"Termos de Uso \u2014 Pill Plan - Pill Plan","isPartOf":{"@id":"https:\/\/pillplan.io\/pt-br\/#website"},"datePublished":"2024-09-19T14:57:54+00:00","dateModified":"2025-09-24T06:57:03+00:00","breadcrumb":{"@id":"https:\/\/pillplan.io\/pt-br\/terms-of-use\/#breadcrumb"},"inLanguage":"pt-BR","potentialAction":[{"@type":"ReadAction","target":["https:\/\/pillplan.io\/pt-br\/terms-of-use\/"]}]},{"@type":"BreadcrumbList","@id":"https:\/\/pillplan.io\/pt-br\/terms-of-use\/#breadcrumb","itemListElement":[{"@type":"ListItem","position":1,"name":"Home","item":"https:\/\/pillplan.io\/pt-br\/"},{"@type":"ListItem","position":2,"name":"Termos de Uso \u2014 Pill Plan"}]},{"@type":"WebSite","@id":"https:\/\/pillplan.io\/pt-br\/#website","url":"https:\/\/pillplan.io\/pt-br\/","name":"Pill Plan","description":"","publisher":{"@id":"https:\/\/pillplan.io\/pt-br\/#organization"},"potentialAction":[{"@type":"SearchAction","target":{"@type":"EntryPoint","urlTemplate":"https:\/\/pillplan.io\/pt-br\/?s={search_term_string}"},"query-input":{"@type":"PropertyValueSpecification","valueRequired":true,"valueName":"search_term_string"}}],"inLanguage":"pt-BR"},{"@type":"Organization","@id":"https:\/\/pillplan.io\/pt-br\/#organization","name":"Pill Plan","url":"https:\/\/pillplan.io\/pt-br\/","logo":{"@type":"ImageObject","inLanguage":"pt-BR","@id":"https:\/\/pillplan.io\/pt-br\/#\/schema\/logo\/image\/","url":"https:\/\/pillplan.io\/wp-content\/uploads\/2024\/07\/c.png","contentUrl":"https:\/\/pillplan.io\/wp-content\/uploads\/2024\/07\/c.png","width":407,"height":96,"caption":"Pill Plan"},"image":{"@id":"https:\/\/pillplan.io\/pt-br\/#\/schema\/logo\/image\/"},"sameAs":["https:\/\/www.facebook.com\/profile.php?id=61578722548832"]}]}},"jetpack-related-posts":[],"jetpack_shortlink":"https:\/\/wp.me\/PgGH4T-r2","jetpack_sharing_enabled":true,"_links":{"self":[{"href":"https:\/\/pillplan.io\/pt-br\/wp-json\/wp\/v2\/pages\/1676","targetHints":{"allow":["GET"]}}],"collection":[{"href":"https:\/\/pillplan.io\/pt-br\/wp-json\/wp\/v2\/pages"}],"about":[{"href":"https:\/\/pillplan.io\/pt-br\/wp-json\/wp\/v2\/types\/page"}],"author":[{"embeddable":true,"href":"https:\/\/pillplan.io\/pt-br\/wp-json\/wp\/v2\/users\/1"}],"replies":[{"embeddable":true,"href":"https:\/\/pillplan.io\/pt-br\/wp-json\/wp\/v2\/comments?post=1676"}],"version-history":[{"count":4,"href":"https:\/\/pillplan.io\/pt-br\/wp-json\/wp\/v2\/pages\/1676\/revisions"}],"predecessor-version":[{"id":1681,"href":"https:\/\/pillplan.io\/pt-br\/wp-json\/wp\/v2\/pages\/1676\/revisions\/1681"}],"wp:attachment":[{"href":"https:\/\/pillplan.io\/pt-br\/wp-json\/wp\/v2\/media?parent=1676"}],"curies":[{"name":"wp","href":"https:\/\/api.w.org\/{rel}","templated":true}]}}