{"id":1686,"date":"2024-09-19T14:57:54","date_gmt":"2024-09-19T14:57:54","guid":{"rendered":"https:\/\/pillplan.io\/?page_id=1686"},"modified":"2025-09-24T06:59:33","modified_gmt":"2025-09-24T06:59:33","slug":"terms-of-use","status":"publish","type":"page","link":"https:\/\/pillplan.io\/es\/terms-of-use\/","title":{"rendered":"T\u00e9rminos de Uso \u2014 Pill Plan"},"content":{"rendered":"\t\t<div data-elementor-type=\"wp-page\" data-elementor-id=\"1686\" class=\"elementor elementor-1686\" data-elementor-post-type=\"page\">\n\t\t\t\t<div class=\"elementor-element elementor-element-5e30492 e-flex e-con-boxed e-con e-parent\" data-id=\"5e30492\" data-element_type=\"container\">\n\t\t\t\t\t<div class=\"e-con-inner\">\n\t\t\t\t<div class=\"elementor-element elementor-element-d123859 elementor-widget elementor-widget-heading\" data-id=\"d123859\" data-element_type=\"widget\" data-widget_type=\"heading.default\">\n\t\t\t\t<div class=\"elementor-widget-container\">\n\t\t\t\t\t<h1 class=\"elementor-heading-title elementor-size-default\">T\u00e9rminos de Uso \u2014 Pill Plan<\/h1>\t\t\t\t<\/div>\n\t\t\t\t<\/div>\n\t\t\t\t\t<\/div>\n\t\t\t\t<\/div>\n\t\t<div class=\"elementor-element elementor-element-7d1849b3 e-flex e-con-boxed e-con e-parent\" data-id=\"7d1849b3\" data-element_type=\"container\">\n\t\t\t\t\t<div class=\"e-con-inner\">\n\t\t\t\t<div class=\"elementor-element elementor-element-3168c19a elementor-widget elementor-widget-text-editor\" data-id=\"3168c19a\" data-element_type=\"widget\" data-widget_type=\"text-editor.default\">\n\t\t\t\t<div class=\"elementor-widget-container\">\n\t\t\t\t\t\t\t\t\t<h2 data-start=\"211\" data-end=\"235\">Informaci\u00f3n General<\/h2><p data-start=\"237\" data-end=\"442\">Estos T\u00e9rminos de Uso regulan el uso de <strong data-start=\"277\" data-end=\"310\">Pill Plan Medication Reminder<\/strong>, de nuestro sitio web <a class=\"decorated-link\" href=\"https:\/\/pillplan.io\" target=\"_new\" rel=\"noopener\" data-start=\"333\" data-end=\"375\">https:\/\/pillplan.io<\/a> y de cualquier servicio relacionado proporcionado por Pill Plan.<\/p><p data-start=\"444\" data-end=\"772\">Al utilizar Pill Plan Medication Reminder, usted acepta cumplir con estos T\u00e9rminos de Uso y con todas las leyes y regulaciones aplicables. Si no est\u00e1 de acuerdo con estos T\u00e9rminos de Uso, se le proh\u00edbe seguir utilizando la aplicaci\u00f3n, acceder a nuestro sitio web o utilizar cualquiera de los servicios ofrecidos por Pill Plan.<\/p><p data-start=\"774\" data-end=\"818\">Si descarga Pill Plan Medication Reminder:<\/p><ol data-start=\"819\" data-end=\"1055\"><li data-start=\"819\" data-end=\"929\"><p data-start=\"822\" data-end=\"929\"><strong data-start=\"822\" data-end=\"841\">Apple App Store<\/strong> \u2014 usted acepta las Reglas de Uso establecidas en los T\u00e9rminos de Uso de la App Store.<\/p><\/li><li data-start=\"930\" data-end=\"1055\"><p data-start=\"933\" data-end=\"1055\"><strong data-start=\"933\" data-end=\"954\">Google Play Store<\/strong> \u2014 usted acepta los T\u00e9rminos y Condiciones de Google, incluidos los T\u00e9rminos de Uso de Google Apps.<\/p><\/li><\/ol><p data-start=\"1057\" data-end=\"1325\">Pill Plan se reserva el derecho de revisar y modificar estos T\u00e9rminos de Uso a su exclusiva discreci\u00f3n. Cualquier cambio se publicar\u00e1 en esta p\u00e1gina y se notificar\u00e1 a trav\u00e9s de la aplicaci\u00f3n y\/o de la direcci\u00f3n de correo electr\u00f3nico proporcionada al crear su cuenta.<\/p><p data-start=\"1327\" data-end=\"1379\"><strong data-start=\"1327\" data-end=\"1352\">\u00daltima actualizaci\u00f3n:<\/strong> 16 de septiembre de 2024<\/p><hr data-start=\"1381\" data-end=\"1384\" \/><h2 data-start=\"1386\" data-end=\"1410\">Limitaciones de Uso<\/h2><p data-start=\"1412\" data-end=\"1541\">Al utilizar Pill Plan, usted garantiza en su nombre, en nombre de la entidad que representa y en nombre de sus usuarios que no:<\/p><ul data-start=\"1543\" data-end=\"2333\"><li data-start=\"1543\" data-end=\"1663\"><p data-start=\"1545\" data-end=\"1663\">modificar\u00e1, copiar\u00e1, descompilar\u00e1 ni realizar\u00e1 ingenier\u00eda inversa de la aplicaci\u00f3n ni del software incluido en ella;<\/p><\/li><li data-start=\"1664\" data-end=\"1734\"><p data-start=\"1666\" data-end=\"1734\">eliminar\u00e1 avisos de derechos de autor u otros avisos de propiedad;<\/p><\/li><li data-start=\"1735\" data-end=\"1832\"><p data-start=\"1737\" data-end=\"1832\">transferir\u00e1 la aplicaci\u00f3n o sus materiales a otra persona o los \u201creflejar\u00e1\u201d en otro servidor;<\/p><\/li><li data-start=\"1833\" data-end=\"1956\"><p data-start=\"1835\" data-end=\"1956\">utilizar\u00e1 la aplicaci\u00f3n de forma intencional o negligente para abusar o interrumpir las redes o servicios de Pill Plan;<\/p><\/li><li data-start=\"1957\" data-end=\"2022\"><p data-start=\"1959\" data-end=\"2022\">transmitir\u00e1 material acosador, obsceno, fraudulento o ilegal;<\/p><\/li><li data-start=\"2023\" data-end=\"2099\"><p data-start=\"2025\" data-end=\"2099\">utilizar\u00e1 la aplicaci\u00f3n en violaci\u00f3n de leyes o regulaciones aplicables;<\/p><\/li><li data-start=\"2100\" data-end=\"2144\"><p data-start=\"2102\" data-end=\"2144\">enviar\u00e1 publicidad no autorizada o spam;<\/p><\/li><li data-start=\"2145\" data-end=\"2200\"><p data-start=\"2147\" data-end=\"2200\">recopilar\u00e1 datos de usuarios sin su consentimiento;<\/p><\/li><li data-start=\"2201\" data-end=\"2333\"><p data-start=\"2203\" data-end=\"2333\">utilizar\u00e1 la aplicaci\u00f3n de forma que infrinja la privacidad, los derechos de propiedad intelectual u otros derechos de terceros.<\/p><\/li><\/ul><hr data-start=\"2335\" data-end=\"2338\" \/><h2 data-start=\"2340\" data-end=\"2366\">Propiedad Intelectual<\/h2><p data-start=\"2368\" data-end=\"2525\">Todos los derechos de propiedad intelectual de Pill Plan Medication Reminder y de nuestro sitio web pertenecen a Pill Plan o est\u00e1n debidamente licenciados.<\/p><p data-start=\"2527\" data-end=\"2769\">Se le otorga \u00fanicamente una licencia limitada para descargar y utilizar la aplicaci\u00f3n con fines personales. Esta licencia se cancelar\u00e1 autom\u00e1ticamente si usted incumple estos T\u00e9rminos y puede ser revocada por Pill Plan en cualquier momento.<\/p><hr data-start=\"2771\" data-end=\"2774\" \/><h2 data-start=\"2776\" data-end=\"2814\">Contenido Generado por el Usuario<\/h2><p data-start=\"2816\" data-end=\"2912\">Usted conserva los derechos de propiedad intelectual sobre el contenido que env\u00ede a Pill Plan.<\/p><p data-start=\"2914\" data-end=\"3253\">Al publicar, cargar o compartir contenido, usted otorga a Pill Plan una <strong data-start=\"2986\" data-end=\"3061\">licencia no exclusiva, gratuita, mundial, transferible y sublicenciable<\/strong> para usar, distribuir, modificar, traducir, mostrar p\u00fablicamente o crear obras derivadas de su contenido, de acuerdo con sus preferencias de privacidad y con nuestra Pol\u00edtica de Privacidad.<\/p><p data-start=\"3255\" data-end=\"3530\">Esta licencia puede finalizar en cualquier momento mediante la eliminaci\u00f3n de su contenido o cuenta. No obstante, en el caso de contenido utilizado en materiales comerciales o patrocinados, la licencia continuar\u00e1 vigente hasta la finalizaci\u00f3n de la campa\u00f1a correspondiente.<\/p><p data-start=\"3532\" data-end=\"3649\">Tambi\u00e9n podremos usar su nombre de usuario y la informaci\u00f3n de su cuenta conforme a sus preferencias de privacidad.<\/p><hr data-start=\"3651\" data-end=\"3654\" \/><h2 data-start=\"3656\" data-end=\"3688\">Actualizaciones Autom\u00e1ticas<\/h2><p data-start=\"3690\" data-end=\"3890\">Usted autoriza a Pill Plan a descargar e instalar autom\u00e1ticamente actualizaciones de la aplicaci\u00f3n en su dispositivo. Esta autorizaci\u00f3n puede revocarse en cualquier momento eliminando la aplicaci\u00f3n.<\/p><hr data-start=\"3892\" data-end=\"3895\" \/><h2 data-start=\"3897\" data-end=\"3917\">Responsabilidad<\/h2><p data-start=\"3919\" data-end=\"4202\">Pill Plan se proporciona <strong data-start=\"3944\" data-end=\"3958\">\u201ctal cual\u201d<\/strong>. En la m\u00e1xima medida permitida por la ley, Pill Plan renuncia a toda garant\u00eda expresa o impl\u00edcita, incluidas, entre otras, las garant\u00edas impl\u00edcitas de idoneidad para un fin espec\u00edfico, comerciabilidad o no infracci\u00f3n de derechos de terceros.<\/p><p data-start=\"4204\" data-end=\"4432\">Pill Plan no ser\u00e1 responsable de <strong data-start=\"4237\" data-end=\"4259\">da\u00f1os consecuentes<\/strong>, incluidos, entre otros: p\u00e9rdida de beneficios, ingresos, negocios, datos, reputaci\u00f3n u oportunidades, incluso si se le ha advertido sobre la posibilidad de dichos da\u00f1os.<\/p><p data-start=\"4434\" data-end=\"4564\">Algunas jurisdicciones no permiten limitaciones de responsabilidad, por lo que estas restricciones podr\u00edan no aplicarse a usted.<\/p><hr data-start=\"4566\" data-end=\"4569\" \/><h2 data-start=\"4571\" data-end=\"4603\">Exactitud de los Materiales<\/h2><p data-start=\"4605\" data-end=\"4801\">Los materiales incluidos en la aplicaci\u00f3n o en el sitio web tienen fines meramente informativos. Pill Plan no garantiza su exactitud, fiabilidad ni los resultados que puedan derivarse de su uso.<\/p><hr data-start=\"4803\" data-end=\"4806\" \/><h2 data-start=\"4808\" data-end=\"4820\">Enlaces<\/h2><p data-start=\"4822\" data-end=\"4989\">Pill Plan no es responsable del contenido de sitios externos vinculados desde la aplicaci\u00f3n o el sitio web. El uso de dichos sitios se realiza bajo su propio riesgo.<\/p><hr data-start=\"4991\" data-end=\"4994\" \/><h2 data-start=\"4996\" data-end=\"5018\">Aviso sobre Apple<\/h2><p data-start=\"5020\" data-end=\"5065\">Si utiliza Pill Plan en un dispositivo iOS:<\/p><ul data-start=\"5067\" data-end=\"5682\"><li data-start=\"5067\" data-end=\"5150\"><p data-start=\"5069\" data-end=\"5150\">Estos T\u00e9rminos se aplican \u00fanicamente entre usted y Pill Plan, no con Apple Inc.<\/p><\/li><li data-start=\"5151\" data-end=\"5211\"><p data-start=\"5153\" data-end=\"5211\">Apple no es responsable de Pill Plan ni de su contenido.<\/p><\/li><li data-start=\"5212\" data-end=\"5282\"><p data-start=\"5214\" data-end=\"5282\">Apple no tiene obligaci\u00f3n de proporcionar soporte o mantenimiento.<\/p><\/li><li data-start=\"5283\" data-end=\"5420\"><p data-start=\"5285\" data-end=\"5420\">En caso de incumplimiento de garant\u00eda, Apple podr\u00e1 reembolsar el precio de compra, pero toda otra responsabilidad recae en Pill Plan.<\/p><\/li><li data-start=\"5421\" data-end=\"5571\"><p data-start=\"5423\" data-end=\"5571\">Apple no es responsable de reclamaciones relacionadas con responsabilidad por productos, cumplimiento legal o infracci\u00f3n de propiedad intelectual.<\/p><\/li><li data-start=\"5572\" data-end=\"5682\"><p data-start=\"5574\" data-end=\"5682\">Apple y sus subsidiarias son beneficiarias de estos T\u00e9rminos y pueden exigir su cumplimiento directamente.<\/p><\/li><\/ul><p data-start=\"5684\" data-end=\"5833\">Usted tambi\u00e9n declara que no se encuentra en un pa\u00eds sujeto a embargo por parte del gobierno de EE. UU. ni figura en listas de partes restringidas.<\/p><hr data-start=\"5835\" data-end=\"5838\" \/><h2 data-start=\"5840\" data-end=\"5864\">Derecho a Rescisi\u00f3n<\/h2><p data-start=\"5866\" data-end=\"6031\">Podemos suspender o cancelar su cuenta y el acceso a la aplicaci\u00f3n de manera inmediata, mediante notificaci\u00f3n escrita, en caso de incumplimiento de estos T\u00e9rminos.<\/p><hr data-start=\"6033\" data-end=\"6036\" \/><h2 data-start=\"6038\" data-end=\"6056\">Divisibilidad<\/h2><p data-start=\"6058\" data-end=\"6196\">Si alguna disposici\u00f3n de estos T\u00e9rminos resulta inv\u00e1lida o inaplicable, las disposiciones restantes seguir\u00e1n siendo plenamente vigentes.<\/p><hr data-start=\"6198\" data-end=\"6201\" \/><h2 data-start=\"6203\" data-end=\"6229\">Legislaci\u00f3n Aplicable<\/h2><p data-start=\"6231\" data-end=\"6399\">Estos T\u00e9rminos se rigen por las leyes de la <strong data-start=\"6275\" data-end=\"6302\">Rep\u00fablica de Uzbekist\u00e1n<\/strong>. Usted se somete irrevocablemente a la jurisdicci\u00f3n exclusiva de los tribunales de dicho pa\u00eds.<\/p><p><!-- \/wp:paragraph --><\/p>\t\t\t\t\t\t\t\t<\/div>\n\t\t\t\t<\/div>\n\t\t\t\t\t<\/div>\n\t\t\t\t<\/div>\n\t\t\t\t<\/div>\n\t\t","protected":false},"excerpt":{"rendered":"<p>T\u00e9rminos de Uso \u2014 Pill Plan Informaci\u00f3n General Estos T\u00e9rminos de Uso regulan el uso de Pill Plan Medication Reminder, de nuestro sitio web https:\/\/pillplan.io y de cualquier servicio relacionado proporcionado por Pill Plan. Al utilizar Pill Plan Medication Reminder, usted acepta cumplir con estos T\u00e9rminos de Uso y con todas las leyes y regulaciones [&hellip;]<\/p>\n","protected":false},"author":1,"featured_media":0,"parent":0,"menu_order":0,"comment_status":"closed","ping_status":"closed","template":"","meta":{"om_disable_all_campaigns":false,"site-sidebar-layout":"default","site-content-layout":"","ast-site-content-layout":"","site-content-style":"default","site-sidebar-style":"default","ast-global-header-display":"","ast-banner-title-visibility":"","ast-main-header-display":"","ast-hfb-above-header-display":"","ast-hfb-below-header-display":"","ast-hfb-mobile-header-display":"","site-post-title":"","ast-breadcrumbs-content":"","ast-featured-img":"","footer-sml-layout":"","theme-transparent-header-meta":"","adv-header-id-meta":"","stick-header-meta":"","header-above-stick-meta":"","header-main-stick-meta":"","header-below-stick-meta":"","astra-migrate-meta-layouts":"default","ast-page-background-enabled":"default","ast-page-background-meta":{"desktop":{"background-color":"var(--ast-global-color-4)","background-image":"","background-repeat":"repeat","background-position":"center center","background-size":"auto","background-attachment":"scroll","background-type":"","background-media":"","overlay-type":"","overlay-color":"","overlay-opacity":"","overlay-gradient":""},"tablet":{"background-color":"","background-image":"","background-repeat":"repeat","background-position":"center center","background-size":"auto","background-attachment":"scroll","background-type":"","background-media":"","overlay-type":"","overlay-color":"","overlay-opacity":"","overlay-gradient":""},"mobile":{"background-color":"","background-image":"","background-repeat":"repeat","background-position":"center center","background-size":"auto","background-attachment":"scroll","background-type":"","background-media":"","overlay-type":"","overlay-color":"","overlay-opacity":"","overlay-gradient":""}},"ast-content-background-meta":{"desktop":{"background-color":"var(--ast-global-color-5)","background-image":"","background-repeat":"repeat","background-position":"center center","background-size":"auto","background-attachment":"scroll","background-type":"","background-media":"","overlay-type":"","overlay-color":"","overlay-opacity":"","overlay-gradient":""},"tablet":{"background-color":"var(--ast-global-color-5)","background-image":"","background-repeat":"repeat","background-position":"center center","background-size":"auto","background-attachment":"scroll","background-type":"","background-media":"","overlay-type":"","overlay-color":"","overlay-opacity":"","overlay-gradient":""},"mobile":{"background-color":"var(--ast-global-color-5)","background-image":"","background-repeat":"repeat","background-position":"center center","background-size":"auto","background-attachment":"scroll","background-type":"","background-media":"","overlay-type":"","overlay-color":"","overlay-opacity":"","overlay-gradient":""}},"jetpack_post_was_ever_published":false,"footnotes":""},"class_list":["post-1686","page","type-page","status-publish","hentry"],"yoast_head":"<!-- This site is optimized with the Yoast SEO plugin v25.5 - https:\/\/yoast.com\/wordpress\/plugins\/seo\/ -->\n<title>T\u00e9rminos de Uso \u2014 Pill Plan - Pill Plan<\/title>\n<meta name=\"robots\" content=\"index, follow, max-snippet:-1, max-image-preview:large, max-video-preview:-1\" \/>\n<link rel=\"canonical\" href=\"https:\/\/pillplan.io\/es\/terms-of-use\/\" \/>\n<meta property=\"og:locale\" content=\"es_ES\" \/>\n<meta property=\"og:type\" content=\"article\" \/>\n<meta property=\"og:title\" content=\"T\u00e9rminos de Uso \u2014 Pill Plan - Pill Plan\" \/>\n<meta property=\"og:description\" content=\"T\u00e9rminos de Uso \u2014 Pill Plan Informaci\u00f3n General Estos T\u00e9rminos de Uso regulan el uso de Pill Plan Medication Reminder, de nuestro sitio web https:\/\/pillplan.io y de cualquier servicio relacionado proporcionado por Pill Plan. Al utilizar Pill Plan Medication Reminder, usted acepta cumplir con estos T\u00e9rminos de Uso y con todas las leyes y regulaciones [&hellip;]\" \/>\n<meta property=\"og:url\" content=\"https:\/\/pillplan.io\/es\/terms-of-use\/\" \/>\n<meta property=\"og:site_name\" content=\"Pill Plan\" \/>\n<meta property=\"article:publisher\" content=\"https:\/\/www.facebook.com\/profile.php?id=61578722548832\" \/>\n<meta property=\"article:modified_time\" content=\"2025-09-24T06:59:33+00:00\" \/>\n<meta name=\"twitter:card\" content=\"summary_large_image\" \/>\n<meta name=\"twitter:label1\" content=\"Tiempo de lectura\" \/>\n\t<meta name=\"twitter:data1\" content=\"4 minutos\" \/>\n<script type=\"application\/ld+json\" class=\"yoast-schema-graph\">{\"@context\":\"https:\/\/schema.org\",\"@graph\":[{\"@type\":\"WebPage\",\"@id\":\"https:\/\/pillplan.io\/es\/terms-of-use\/\",\"url\":\"https:\/\/pillplan.io\/es\/terms-of-use\/\",\"name\":\"T\u00e9rminos de Uso \u2014 Pill Plan - Pill Plan\",\"isPartOf\":{\"@id\":\"https:\/\/pillplan.io\/es\/#website\"},\"datePublished\":\"2024-09-19T14:57:54+00:00\",\"dateModified\":\"2025-09-24T06:59:33+00:00\",\"breadcrumb\":{\"@id\":\"https:\/\/pillplan.io\/es\/terms-of-use\/#breadcrumb\"},\"inLanguage\":\"es\",\"potentialAction\":[{\"@type\":\"ReadAction\",\"target\":[\"https:\/\/pillplan.io\/es\/terms-of-use\/\"]}]},{\"@type\":\"BreadcrumbList\",\"@id\":\"https:\/\/pillplan.io\/es\/terms-of-use\/#breadcrumb\",\"itemListElement\":[{\"@type\":\"ListItem\",\"position\":1,\"name\":\"Home\",\"item\":\"https:\/\/pillplan.io\/es\/\"},{\"@type\":\"ListItem\",\"position\":2,\"name\":\"T\u00e9rminos de Uso \u2014 Pill Plan\"}]},{\"@type\":\"WebSite\",\"@id\":\"https:\/\/pillplan.io\/es\/#website\",\"url\":\"https:\/\/pillplan.io\/es\/\",\"name\":\"Pill Plan\",\"description\":\"\",\"publisher\":{\"@id\":\"https:\/\/pillplan.io\/es\/#organization\"},\"potentialAction\":[{\"@type\":\"SearchAction\",\"target\":{\"@type\":\"EntryPoint\",\"urlTemplate\":\"https:\/\/pillplan.io\/es\/?s={search_term_string}\"},\"query-input\":{\"@type\":\"PropertyValueSpecification\",\"valueRequired\":true,\"valueName\":\"search_term_string\"}}],\"inLanguage\":\"es\"},{\"@type\":\"Organization\",\"@id\":\"https:\/\/pillplan.io\/es\/#organization\",\"name\":\"Pill Plan\",\"url\":\"https:\/\/pillplan.io\/es\/\",\"logo\":{\"@type\":\"ImageObject\",\"inLanguage\":\"es\",\"@id\":\"https:\/\/pillplan.io\/es\/#\/schema\/logo\/image\/\",\"url\":\"https:\/\/pillplan.io\/wp-content\/uploads\/2024\/07\/c.png\",\"contentUrl\":\"https:\/\/pillplan.io\/wp-content\/uploads\/2024\/07\/c.png\",\"width\":407,\"height\":96,\"caption\":\"Pill Plan\"},\"image\":{\"@id\":\"https:\/\/pillplan.io\/es\/#\/schema\/logo\/image\/\"},\"sameAs\":[\"https:\/\/www.facebook.com\/profile.php?id=61578722548832\"]}]}<\/script>\n<!-- \/ Yoast SEO plugin. -->","yoast_head_json":{"title":"T\u00e9rminos de Uso \u2014 Pill Plan - Pill Plan","robots":{"index":"index","follow":"follow","max-snippet":"max-snippet:-1","max-image-preview":"max-image-preview:large","max-video-preview":"max-video-preview:-1"},"canonical":"https:\/\/pillplan.io\/es\/terms-of-use\/","og_locale":"es_ES","og_type":"article","og_title":"T\u00e9rminos de Uso \u2014 Pill Plan - Pill Plan","og_description":"T\u00e9rminos de Uso \u2014 Pill Plan Informaci\u00f3n General Estos T\u00e9rminos de Uso regulan el uso de Pill Plan Medication Reminder, de nuestro sitio web https:\/\/pillplan.io y de cualquier servicio relacionado proporcionado por Pill Plan. Al utilizar Pill Plan Medication Reminder, usted acepta cumplir con estos T\u00e9rminos de Uso y con todas las leyes y regulaciones [&hellip;]","og_url":"https:\/\/pillplan.io\/es\/terms-of-use\/","og_site_name":"Pill Plan","article_publisher":"https:\/\/www.facebook.com\/profile.php?id=61578722548832","article_modified_time":"2025-09-24T06:59:33+00:00","twitter_card":"summary_large_image","twitter_misc":{"Tiempo de lectura":"4 minutos"},"schema":{"@context":"https:\/\/schema.org","@graph":[{"@type":"WebPage","@id":"https:\/\/pillplan.io\/es\/terms-of-use\/","url":"https:\/\/pillplan.io\/es\/terms-of-use\/","name":"T\u00e9rminos de Uso \u2014 Pill Plan - Pill Plan","isPartOf":{"@id":"https:\/\/pillplan.io\/es\/#website"},"datePublished":"2024-09-19T14:57:54+00:00","dateModified":"2025-09-24T06:59:33+00:00","breadcrumb":{"@id":"https:\/\/pillplan.io\/es\/terms-of-use\/#breadcrumb"},"inLanguage":"es","potentialAction":[{"@type":"ReadAction","target":["https:\/\/pillplan.io\/es\/terms-of-use\/"]}]},{"@type":"BreadcrumbList","@id":"https:\/\/pillplan.io\/es\/terms-of-use\/#breadcrumb","itemListElement":[{"@type":"ListItem","position":1,"name":"Home","item":"https:\/\/pillplan.io\/es\/"},{"@type":"ListItem","position":2,"name":"T\u00e9rminos de Uso \u2014 Pill Plan"}]},{"@type":"WebSite","@id":"https:\/\/pillplan.io\/es\/#website","url":"https:\/\/pillplan.io\/es\/","name":"Pill Plan","description":"","publisher":{"@id":"https:\/\/pillplan.io\/es\/#organization"},"potentialAction":[{"@type":"SearchAction","target":{"@type":"EntryPoint","urlTemplate":"https:\/\/pillplan.io\/es\/?s={search_term_string}"},"query-input":{"@type":"PropertyValueSpecification","valueRequired":true,"valueName":"search_term_string"}}],"inLanguage":"es"},{"@type":"Organization","@id":"https:\/\/pillplan.io\/es\/#organization","name":"Pill Plan","url":"https:\/\/pillplan.io\/es\/","logo":{"@type":"ImageObject","inLanguage":"es","@id":"https:\/\/pillplan.io\/es\/#\/schema\/logo\/image\/","url":"https:\/\/pillplan.io\/wp-content\/uploads\/2024\/07\/c.png","contentUrl":"https:\/\/pillplan.io\/wp-content\/uploads\/2024\/07\/c.png","width":407,"height":96,"caption":"Pill Plan"},"image":{"@id":"https:\/\/pillplan.io\/es\/#\/schema\/logo\/image\/"},"sameAs":["https:\/\/www.facebook.com\/profile.php?id=61578722548832"]}]}},"jetpack-related-posts":[],"jetpack_shortlink":"https:\/\/wp.me\/PgGH4T-rc","jetpack_sharing_enabled":true,"_links":{"self":[{"href":"https:\/\/pillplan.io\/es\/wp-json\/wp\/v2\/pages\/1686","targetHints":{"allow":["GET"]}}],"collection":[{"href":"https:\/\/pillplan.io\/es\/wp-json\/wp\/v2\/pages"}],"about":[{"href":"https:\/\/pillplan.io\/es\/wp-json\/wp\/v2\/types\/page"}],"author":[{"embeddable":true,"href":"https:\/\/pillplan.io\/es\/wp-json\/wp\/v2\/users\/1"}],"replies":[{"embeddable":true,"href":"https:\/\/pillplan.io\/es\/wp-json\/wp\/v2\/comments?post=1686"}],"version-history":[{"count":4,"href":"https:\/\/pillplan.io\/es\/wp-json\/wp\/v2\/pages\/1686\/revisions"}],"predecessor-version":[{"id":1690,"href":"https:\/\/pillplan.io\/es\/wp-json\/wp\/v2\/pages\/1686\/revisions\/1690"}],"wp:attachment":[{"href":"https:\/\/pillplan.io\/es\/wp-json\/wp\/v2\/media?parent=1686"}],"curies":[{"name":"wp","href":"https:\/\/api.w.org\/{rel}","templated":true}]}}